{"id":3,"date":"2025-02-27T11:17:35","date_gmt":"2025-02-27T10:17:35","guid":{"rendered":"https:\/\/guestcard.visitsandonatovaldicomino.it\/?page_id=3"},"modified":"2025-02-27T13:55:10","modified_gmt":"2025-02-27T12:55:10","slug":"privacy-policy","status":"publish","type":"page","link":"https:\/\/guestcard.visitsandonatovaldicomino.it\/en\/privacy-policy\/","title":{"rendered":"Privacy Policy"},"content":{"rendered":"<div data-elementor-type=\"wp-page\" data-elementor-id=\"3\" class=\"elementor elementor-3\" data-elementor-post-type=\"page\">\n\t\t\t\t<div class=\"elementor-element elementor-element-4390cdb e-flex e-con-boxed e-con e-parent\" data-id=\"4390cdb\" data-element_type=\"container\">\n\t\t\t\t\t<div class=\"e-con-inner\">\n\t\t\t\t<div class=\"elementor-element elementor-element-ba0c50a elementor-widget elementor-widget-text-editor\" data-id=\"ba0c50a\" data-element_type=\"widget\" data-widget_type=\"text-editor.default\">\n\t\t\t\t\t\t\t\t\t<p><div class='fluentform ff-default fluentform_wrapper_3 ffs_default_wrap'><form data-form_id=\"3\" id=\"fluentform_3\" class=\"frm-fluent-form fluent_form_3 ff-el-form-top ff_form_instance_3_1 ff-form-loading ffs_default\" data-form_instance=\"ff_form_instance_3_1\" method=\"POST\" action=\"\" ><fieldset  style=\"border: none!important;margin: 0!important;padding: 0!important;background-color: transparent!important;box-shadow: none!important;outline: none!important; min-inline-size: 100%;\">\n                    <legend class=\"ff_screen_reader_title\" style=\"display: block; margin: 0!important;padding: 0!important;height: 0!important;text-indent: -999999px;width: 0!important;overflow:hidden;\">Emissione Guest Card (Post form)<\/legend><input type='hidden' name='__fluent_form_embded_post_id' value='3' \/><input type=\"hidden\" id=\"_fluentform_3_fluentformnonce\" name=\"_fluentform_3_fluentformnonce\" value=\"228d6e54f5\" \/><input type=\"hidden\" name=\"_wp_http_referer\" value=\"\/en\/wp-json\/wp\/v2\/pages\/3\" \/><div class='ff-el-group'><div class=\"ff-el-input--label ff-el-is-required asterisk-right\"><label for='ff_3_post_title' id='label_ff_3_post_title' aria-label=\"Nome e cognome\">Nome e cognome<\/label><\/div><div class='ff-el-input--content'><input name=\"post_title\" class=\"ff-el-form-control\" type=\"text\" data-name=\"post_title\" id=\"ff_3_post_title\" ><\/div><\/div><div data-type=\"name-element\" data-name=\"names\" class=\"ff-field_container ff-name-field-wrapper\" ><div class='ff-t-container'><div class='ff-t-cell'><div class='ff-el-group ff-el-form-top'><div class=\"ff-el-input--label ff-el-is-required asterisk-right\"><label for='ff_3_names_first_name_' id='label_ff_3_names_first_name_' >Nome<\/label><\/div><div class='ff-el-input--content'><input type=\"text\" name=\"names[first_name]\" id=\"ff_3_names_first_name_\" class=\"ff-el-form-control\" aria-invalid=\"false\" aria-required=\"true\"><\/div><\/div><\/div><div class='ff-t-cell'><div class='ff-el-group ff-el-form-top'><div class=\"ff-el-input--label ff-el-is-required asterisk-right\"><label for='ff_3_names_last_name_' id='label_ff_3_names_last_name_' >Cognome<\/label><\/div><div class='ff-el-input--content'><input type=\"text\" name=\"names[last_name]\" id=\"ff_3_names_last_name_\" class=\"ff-el-form-control\" aria-invalid=\"false\" aria-required=\"true\"><\/div><\/div><\/div><\/div><\/div><div data-name=\"ff_cn_id_1\"  class='ff-t-container ff-column-container ff_columns_total_2'><div class='ff-t-cell ff-t-column-1' style='flex-basis: 50%;'><div class='ff-el-group'><div class=\"ff-el-input--label ff-el-is-required asterisk-right\"><label for='ff_3_datetime_1' id='label_ff_3_datetime_1' aria-label=\"Valida dal\">Valida dal<\/label><div class=\"ff-el-tooltip\" data-content=\"Indicare la data di check-in dell&#039;ospite (compresa)\"><svg width=\"16\" height=\"16\" viewbox=\"0 0 25 25\"><path d=\"m329 393l0-46c0-2-1-4-2-6-2-2-4-3-7-3l-27 0 0-146c0-3-1-5-3-7-2-1-4-2-7-2l-91 0c-3 0-5 1-7 2-1 2-2 4-2 7l0 46c0 2 1 5 2 6 2 2 4 3 7 3l27 0 0 91-27 0c-3 0-5 1-7 3-1 2-2 4-2 6l0 46c0 3 1 5 2 7 2 1 4 2 7 2l128 0c3 0 5-1 7-2 1-2 2-4 2-7z m-36-256l0-46c0-2-1-4-3-6-2-2-4-3-7-3l-54 0c-3 0-5 1-7 3-2 2-3 4-3 6l0 46c0 3 1 5 3 7 2 1 4 2 7 2l54 0c3 0 5-1 7-2 2-2 3-4 3-7z m182 119c0 40-9 77-29 110-20 34-46 60-80 80-33 20-70 29-110 29-40 0-77-9-110-29-34-20-60-46-80-80-20-33-29-70-29-110 0-40 9-77 29-110 20-34 46-60 80-80 33-20 70-29 110-29 40 0 77 9 110 29 34 20 60 46 80 80 20 33 29 70 29 110z\" transform=\"scale(0.046875 0.046875)\"><\/path><\/svg><\/div><\/div><div class='ff-el-input--content'><input  aria-label='Valida dal Use arrow keys to navigate dates. Press enter to select a date.'  aria-haspopup='dialog' data-type-datepicker data-format='d\/m\/Y' type=\"text\" name=\"datetime_1\" id=\"ff_3_datetime_1\" class=\"ff-el-form-control ff-el-datepicker\" data-name=\"datetime_1\"  aria-invalid='false' aria-required=\"true\"><\/div><\/div><\/div><div class='ff-t-cell ff-t-column-2' style='flex-basis: 50%;'><div class='ff-el-group'><div class=\"ff-el-input--label ff-el-is-required asterisk-right\"><label for='ff_3_datetime' id='label_ff_3_datetime' aria-label=\"Valida al\">Valida al<\/label><div class=\"ff-el-tooltip\" data-content=\"Indicare la data di check-out dell&#039;ospite (compresa)\"><svg width=\"16\" height=\"16\" viewbox=\"0 0 25 25\"><path d=\"m329 393l0-46c0-2-1-4-2-6-2-2-4-3-7-3l-27 0 0-146c0-3-1-5-3-7-2-1-4-2-7-2l-91 0c-3 0-5 1-7 2-1 2-2 4-2 7l0 46c0 2 1 5 2 6 2 2 4 3 7 3l27 0 0 91-27 0c-3 0-5 1-7 3-1 2-2 4-2 6l0 46c0 3 1 5 2 7 2 1 4 2 7 2l128 0c3 0 5-1 7-2 1-2 2-4 2-7z m-36-256l0-46c0-2-1-4-3-6-2-2-4-3-7-3l-54 0c-3 0-5 1-7 3-2 2-3 4-3 6l0 46c0 3 1 5 3 7 2 1 4 2 7 2l54 0c3 0 5-1 7-2 2-2 3-4 3-7z m182 119c0 40-9 77-29 110-20 34-46 60-80 80-33 20-70 29-110 29-40 0-77-9-110-29-34-20-60-46-80-80-20-33-29-70-29-110 0-40 9-77 29-110 20-34 46-60 80-80 33-20 70-29 110-29 40 0 77 9 110 29 34 20 60 46 80 80 20 33 29 70 29 110z\" transform=\"scale(0.046875 0.046875)\"><\/path><\/svg><\/div><\/div><div class='ff-el-input--content'><input  aria-label='Valida al Use arrow keys to navigate dates. Press enter to select a date.'  aria-haspopup='dialog' data-type-datepicker data-format='d\/m\/Y' type=\"text\" name=\"datetime\" id=\"ff_3_datetime\" class=\"ff-el-form-control ff-el-datepicker\" data-name=\"datetime\"  aria-invalid='false' aria-required=\"true\"><\/div><\/div><\/div><\/div><div data-name=\"ff_cn_id_2\"  class='ff-t-container ff-column-container ff_columns_total_2'><div class='ff-t-cell ff-t-column-1' style='flex-basis: 50%;'><div class='ff-el-group'><div class=\"ff-el-input--label ff-el-is-required asterisk-right\"><label for='ff_3_numeric_field_1' id='label_ff_3_numeric_field_1' aria-label=\"Adulti\">Adulti<\/label><\/div><div class='ff-el-input--content'><input type=\"number\" name=\"numeric_field_1\" id=\"ff_3_numeric_field_1\" class=\"ff-el-form-control\" data-name=\"numeric_field_1\" inputmode=\"numeric\" step=\"any\"  aria-invalid=\"false\" aria-required=\"true\"><\/div><\/div><\/div><div class='ff-t-cell ff-t-column-2' style='flex-basis: 50%;'><div class='ff-el-group'><div class=\"ff-el-input--label ff-el-is-required asterisk-right\"><label for='ff_3_numeric_field' id='label_ff_3_numeric_field' aria-label=\"Bambini (minori di 18 anni)\">Bambini (minori di 18 anni)<\/label><\/div><div class='ff-el-input--content'><input type=\"number\" name=\"numeric_field\" id=\"ff_3_numeric_field\" class=\"ff-el-form-control\" data-name=\"numeric_field\" inputmode=\"numeric\" step=\"any\"  aria-invalid=\"false\" aria-required=\"true\"><\/div><\/div><\/div><\/div><div class='ff-el-group has-conditions  ff_list_buttons'><div class=\"ff-el-input--label ff-el-is-required asterisk-right\"><label   aria-label=\"Tipologia di GuestCard\">Tipologia di GuestCard<\/label><\/div><div class='ff-el-input--content'><div class=\"ff_el_checkable_photo_holders\"><div class='ff-el-form-check ff-el-form-check- ff_item_selected ff-el-image-holder'><label style='background-image: url(https:\/\/guestcard.visitsandonatovaldicomino.it\/wp-content\/uploads\/2025\/02\/Guestcard-SDonato.png)' class='ff-el-image-input-src' for='input_radio_f9dea6273a7a95c8419be19af6ba8472' aria-label='Guest Card Standard'><\/label><label class='ff-el-form-check-label' for='input_radio_f9dea6273a7a95c8419be19af6ba8472'><input  type=\"radio\" name=\"input_radio\" data-name=\"input_radio\" class=\"ff-el-form-check-input ff-el-form-check-radio\" checked=\"1\" value=\"Guest Card Standard\"  id='input_radio_f9dea6273a7a95c8419be19af6ba8472' aria-label='Guest Card Standard' aria-invalid='false' aria-required=\"true\"> <span>Guest Card Standard<\/span><\/label><\/div><\/div><\/div><\/div><div class='ff-el-group has-conditions'><div class=\"ff-el-input--label ff-el-is-required asterisk-right\"><label   aria-label=\"Tipologia di GuestCard\">Tipologia di GuestCard<\/label><\/div><div class='ff-el-input--content'><div class='ff-el-form-check ff-el-form-check-'><label class='ff-el-form-check-label' for='input_radio_1_b20190fe7fa36e2290123643ef294965'><input  type=\"radio\" name=\"input_radio_1\" data-name=\"input_radio_1\" class=\"ff-el-form-check-input ff-el-form-check-radio\" value=\"Guest Card Gruppi e Scuole\"  id='input_radio_1_b20190fe7fa36e2290123643ef294965' aria-label='Guest Card Gruppi e Scuole' aria-invalid='false' aria-required=\"true\"> <span>Guest Card Gruppi e Scuole<\/span><\/label><\/div><\/div><\/div><div class='ff-el-group'><div class=\"ff-el-input--label ff-el-is-required asterisk-right\"><label for='ff_3_email' id='label_ff_3_email' aria-label=\"E-mail Ospite\">E-mail Ospite<\/label><div class=\"ff-el-tooltip\" data-content=\"Garantir\u00e0 l&#039;invio della Card digitale e l&#039;accesso a pi\u00f9 servizi (la mail non sar\u00e0 oggetto di archiviazione)\"><svg width=\"16\" height=\"16\" viewbox=\"0 0 25 25\"><path d=\"m329 393l0-46c0-2-1-4-2-6-2-2-4-3-7-3l-27 0 0-146c0-3-1-5-3-7-2-1-4-2-7-2l-91 0c-3 0-5 1-7 2-1 2-2 4-2 7l0 46c0 2 1 5 2 6 2 2 4 3 7 3l27 0 0 91-27 0c-3 0-5 1-7 3-1 2-2 4-2 6l0 46c0 3 1 5 2 7 2 1 4 2 7 2l128 0c3 0 5-1 7-2 1-2 2-4 2-7z m-36-256l0-46c0-2-1-4-3-6-2-2-4-3-7-3l-54 0c-3 0-5 1-7 3-2 2-3 4-3 6l0 46c0 3 1 5 3 7 2 1 4 2 7 2l54 0c3 0 5-1 7-2 2-2 3-4 3-7z m182 119c0 40-9 77-29 110-20 34-46 60-80 80-33 20-70 29-110 29-40 0-77-9-110-29-34-20-60-46-80-80-20-33-29-70-29-110 0-40 9-77 29-110 20-34 46-60 80-80 33-20 70-29 110-29 40 0 77 9 110 29 34 20 60 46 80 80 20 33 29 70 29 110z\" transform=\"scale(0.046875 0.046875)\"><\/path><\/svg><\/div><\/div><div class='ff-el-input--content'><input type=\"email\" name=\"email\" id=\"ff_3_email\" class=\"ff-el-form-control\" data-name=\"email\"  aria-invalid=\"false\" aria-required=\"true\"><\/div><\/div><div class='ff-el-group  ff_list_inline'><div class=\"ff-el-input--label ff-el-is-required asterisk-right\"><label   aria-label=\"Lingua dell&#039;ospite\">Lingua dell&#8217;ospite<\/label><\/div><div class='ff-el-input--content'><div class='ff-el-form-check ff-el-form-check-'><label class='ff-el-form-check-label' for='input_radio_2_e564e579d3e61687291fafabc12fc2d8'><input  type=\"radio\" name=\"input_radio_2\" data-name=\"input_radio_2\" class=\"ff-el-form-check-input ff-el-form-check-radio\" value=\"Italiano\"  id='input_radio_2_e564e579d3e61687291fafabc12fc2d8' aria-label='Italiano' aria-invalid='false' aria-required=\"true\"> <span>Italiano<\/span><\/label><\/div><div class='ff-el-form-check ff-el-form-check-'><label class='ff-el-form-check-label' for='input_radio_2_2af014ef0d55aafa07ba43d23647ff32'><input  type=\"radio\" name=\"input_radio_2\" data-name=\"input_radio_2\" class=\"ff-el-form-check-input ff-el-form-check-radio\" value=\"Inglese\"  id='input_radio_2_2af014ef0d55aafa07ba43d23647ff32' aria-label='Inglese' aria-invalid='false' aria-required=\"true\"> <span>Inglese<\/span><\/label><\/div><\/div><\/div><div class='ff-el-group'><div class=\"ff-el-input--label ff-el-is-required asterisk-right\"><label for='ff_3_input_text' id='label_ff_3_input_text' aria-label=\"Nome della struttura\">Nome della struttura<\/label><\/div><div class='ff-el-input--content'><input type=\"text\" name=\"input_text\" value=\"\" class=\"ff-el-form-control nascondimi\" data-name=\"input_text\" id=\"ff_3_input_text\"  aria-invalid=\"false\" aria-required=\"true\"><\/div><\/div><div class='ff-el-group ff-text-left ff_submit_btn_wrapper'><button type=\"submit\" class=\"ff-btn ff-btn-submit ff-btn-md ff_btn_style\"  aria-label=\"Submit Form\">Submit Form<\/button><\/div><\/fieldset><input type=\"hidden\" name=\"trp-form-language\" value=\"en\"\/><\/form><div id='fluentform_3_errors' class='ff-errors-in-stack ff_form_instance_3_1 ff-form-loading_errors ff_form_instance_3_1_errors'><\/div><\/div>            <script type=\"text\/javascript\">\n                window.fluent_form_ff_form_instance_3_1 = {\"id\":\"3\",\"settings\":{\"layout\":{\"labelPlacement\":\"top\",\"asteriskPlacement\":\"asterisk-right\",\"helpMessagePlacement\":\"with_label\",\"errorMessagePlacement\":\"inline\",\"cssClassName\":\"\"},\"restrictions\":{\"denyEmptySubmission\":{\"enabled\":false}}},\"form_instance\":\"ff_form_instance_3_1\",\"form_id_selector\":\"fluentform_3\",\"rules\":{\"post_title\":{\"required\":{\"value\":true,\"global\":true,\"message\":\"This field is required\",\"global_message\":\"Questo campo \\u00e8 obbligatorio\"}},\"names[first_name]\":{\"required\":{\"value\":true,\"message\":\"This field is required\",\"global_message\":\"Questo campo \\u00e8 obbligatorio\",\"global\":true}},\"names[middle_name]\":{\"required\":{\"value\":false,\"message\":\"This field is required\",\"global_message\":\"Questo campo \\u00e8 obbligatorio\",\"global\":true}},\"names[last_name]\":{\"required\":{\"value\":true,\"message\":\"This field is required\",\"global_message\":\"Questo campo \\u00e8 obbligatorio\",\"global\":true}},\"datetime_1\":{\"required\":{\"value\":true,\"message\":\"This field is required\",\"global_message\":\"Questo campo \\u00e8 obbligatorio\",\"global\":true}},\"datetime\":{\"required\":{\"value\":true,\"message\":\"This field is required\",\"global_message\":\"Questo campo \\u00e8 obbligatorio\",\"global\":true}},\"numeric_field_1\":{\"required\":{\"value\":true,\"message\":\"This field is required\",\"global_message\":\"Questo campo \\u00e8 obbligatorio\",\"global\":true},\"numeric\":{\"value\":true,\"message\":\"This field must contain numeric value\",\"global_message\":\"Questo campo deve contenere un valore numerico\",\"global\":true},\"min\":{\"value\":\"\",\"message\":\"Validation fails for minimum value\",\"global_message\":\"La convalida non riesce per il valore minimo\",\"global\":true},\"max\":{\"value\":\"\",\"message\":\"Validation fails for maximum value\",\"global_message\":\"La convalida non riesce per il valore massimo\",\"global\":true},\"digits\":{\"value\":\"\",\"message\":\"Validation fails for limited digits\",\"global_message\":\"La convalida non riesce per cifre limitate\",\"global\":true}},\"numeric_field\":{\"required\":{\"value\":true,\"message\":\"This field is required\",\"global_message\":\"Questo campo \\u00e8 obbligatorio\",\"global\":true},\"numeric\":{\"value\":true,\"message\":\"This field must contain numeric value\",\"global_message\":\"Questo campo deve contenere un valore numerico\",\"global\":true},\"min\":{\"value\":\"\",\"message\":\"Validation fails for minimum value\",\"global_message\":\"La convalida non riesce per il valore minimo\",\"global\":true},\"max\":{\"value\":\"\",\"message\":\"Validation fails for maximum value\",\"global_message\":\"La convalida non riesce per il valore massimo\",\"global\":true},\"digits\":{\"value\":\"\",\"message\":\"Validation fails for limited digits\",\"global_message\":\"La convalida non riesce per cifre limitate\",\"global\":true}},\"input_radio\":{\"required\":{\"value\":true,\"message\":\"This field is required\",\"global_message\":\"Questo campo \\u00e8 obbligatorio\",\"global\":true}},\"input_radio_1\":{\"required\":{\"value\":true,\"message\":\"This field is required\",\"global_message\":\"Questo campo \\u00e8 obbligatorio\",\"global\":true}},\"email\":{\"required\":{\"value\":true,\"message\":\"This field is required\",\"global_message\":\"Questo campo \\u00e8 obbligatorio\",\"global\":true},\"email\":{\"value\":true,\"message\":\"This field must contain a valid email\",\"global_message\":\"Questo campo deve contenere un indirizzo email valido\",\"global\":true}},\"input_radio_2\":{\"required\":{\"value\":true,\"message\":\"This field is required\",\"global_message\":\"Questo campo \\u00e8 obbligatorio\",\"global\":true}},\"input_text\":{\"required\":{\"value\":true,\"message\":\"This field is required\",\"global_message\":\"Questo campo \\u00e8 obbligatorio\",\"global\":true}}},\"debounce_time\":300,\"conditionals\":{\"input_radio\":{\"type\":\"any\",\"status\":true,\"conditions\":[{\"field\":\"numeric_field_1\",\"value\":\"6\",\"operator\":\"<=\"},{\"field\":\"numeric_field\",\"value\":\"6\",\"operator\":\"<=\"}]},\"input_radio_1\":{\"type\":\"any\",\"status\":true,\"conditions\":[{\"field\":\"numeric_field_1\",\"value\":\"6\",\"operator\":\">\"},{\"field\":\"numeric_field\",\"value\":\"6\",\"operator\":\">\"}]}}};\n                            <\/script>\n            <\/p>\t\t\t\t\t\t\t\t<\/div>\n\t\t\t\t\t<\/div>\n\t\t\t\t<\/div>\n\t\t\t\t<\/div>","protected":false},"excerpt":{"rendered":"","protected":false},"author":1,"featured_media":0,"parent":0,"menu_order":0,"comment_status":"closed","ping_status":"open","template":"","meta":{"footnotes":""},"class_list":["post-3","page","type-page","status-publish","hentry"],"yoast_head":"<!-- This site is optimized with the Yoast SEO plugin v26.7 - https:\/\/yoast.com\/wordpress\/plugins\/seo\/ -->\n<title>Privacy Policy - Visit San Donato Val di Comino - Guest Card<\/title>\n<meta name=\"robots\" content=\"noindex, follow, max-snippet:-1, max-image-preview:large, max-video-preview:-1\" \/>\n<meta property=\"og:locale\" content=\"en_US\" \/>\n<meta property=\"og:type\" content=\"article\" \/>\n<meta property=\"og:title\" content=\"Privacy Policy - Visit San Donato Val di Comino - Guest Card\" \/>\n<meta property=\"og:url\" content=\"https:\/\/guestcard.visitsandonatovaldicomino.it\/en\/privacy-policy\/\" \/>\n<meta property=\"og:site_name\" content=\"Visit San Donato Val di Comino - Guest Card\" \/>\n<meta property=\"article:modified_time\" content=\"2025-02-27T12:55:10+00:00\" \/>\n<meta name=\"twitter:card\" content=\"summary_large_image\" \/>\n<script type=\"application\/ld+json\" class=\"yoast-schema-graph\">{\"@context\":\"https:\/\/schema.org\",\"@graph\":[{\"@type\":\"WebPage\",\"@id\":\"https:\/\/guestcard.visitsandonatovaldicomino.it\/privacy-policy\/\",\"url\":\"https:\/\/guestcard.visitsandonatovaldicomino.it\/privacy-policy\/\",\"name\":\"Privacy Policy - Visit San Donato Val di Comino - Guest Card\",\"isPartOf\":{\"@id\":\"https:\/\/guestcard.visitsandonatovaldicomino.it\/#website\"},\"datePublished\":\"2025-02-27T10:17:35+00:00\",\"dateModified\":\"2025-02-27T12:55:10+00:00\",\"breadcrumb\":{\"@id\":\"https:\/\/guestcard.visitsandonatovaldicomino.it\/privacy-policy\/#breadcrumb\"},\"inLanguage\":\"en-US\",\"potentialAction\":[{\"@type\":\"ReadAction\",\"target\":[\"https:\/\/guestcard.visitsandonatovaldicomino.it\/privacy-policy\/\"]}]},{\"@type\":\"BreadcrumbList\",\"@id\":\"https:\/\/guestcard.visitsandonatovaldicomino.it\/privacy-policy\/#breadcrumb\",\"itemListElement\":[{\"@type\":\"ListItem\",\"position\":1,\"name\":\"Home\",\"item\":\"https:\/\/guestcard.visitsandonatovaldicomino.it\/\"},{\"@type\":\"ListItem\",\"position\":2,\"name\":\"Privacy Policy\"}]},{\"@type\":\"WebSite\",\"@id\":\"https:\/\/guestcard.visitsandonatovaldicomino.it\/#website\",\"url\":\"https:\/\/guestcard.visitsandonatovaldicomino.it\/\",\"name\":\"Visit San Donato Val di Comino - Guest Card\",\"description\":\"\",\"publisher\":{\"@id\":\"https:\/\/guestcard.visitsandonatovaldicomino.it\/#organization\"},\"potentialAction\":[{\"@type\":\"SearchAction\",\"target\":{\"@type\":\"EntryPoint\",\"urlTemplate\":\"https:\/\/guestcard.visitsandonatovaldicomino.it\/?s={search_term_string}\"},\"query-input\":{\"@type\":\"PropertyValueSpecification\",\"valueRequired\":true,\"valueName\":\"search_term_string\"}}],\"inLanguage\":\"en-US\"},{\"@type\":\"Organization\",\"@id\":\"https:\/\/guestcard.visitsandonatovaldicomino.it\/#organization\",\"name\":\"Visit San Donato Val di Comino - Guest Card\",\"url\":\"https:\/\/guestcard.visitsandonatovaldicomino.it\/\",\"logo\":{\"@type\":\"ImageObject\",\"inLanguage\":\"en-US\",\"@id\":\"https:\/\/guestcard.visitsandonatovaldicomino.it\/#\/schema\/logo\/image\/\",\"url\":\"https:\/\/guestcard.visitsandonatovaldicomino.it\/wp-content\/uploads\/2025\/02\/Visit-San-Donato-Val-di-Comino-Logo-Full-2-1.png\",\"contentUrl\":\"https:\/\/guestcard.visitsandonatovaldicomino.it\/wp-content\/uploads\/2025\/02\/Visit-San-Donato-Val-di-Comino-Logo-Full-2-1.png\",\"width\":7967,\"height\":4683,\"caption\":\"Visit San Donato Val di Comino - Guest Card\"},\"image\":{\"@id\":\"https:\/\/guestcard.visitsandonatovaldicomino.it\/#\/schema\/logo\/image\/\"}}]}<\/script>\n<!-- \/ Yoast SEO plugin. -->","yoast_head_json":{"title":"Privacy Policy - Visit San Donato Val di Comino - Guest Card","robots":{"index":"noindex","follow":"follow","max-snippet":"max-snippet:-1","max-image-preview":"max-image-preview:large","max-video-preview":"max-video-preview:-1"},"og_locale":"en_US","og_type":"article","og_title":"Privacy Policy - Visit San Donato Val di Comino - Guest Card","og_url":"https:\/\/guestcard.visitsandonatovaldicomino.it\/en\/privacy-policy\/","og_site_name":"Visit San Donato Val di Comino - Guest Card","article_modified_time":"2025-02-27T12:55:10+00:00","twitter_card":"summary_large_image","schema":{"@context":"https:\/\/schema.org","@graph":[{"@type":"WebPage","@id":"https:\/\/guestcard.visitsandonatovaldicomino.it\/privacy-policy\/","url":"https:\/\/guestcard.visitsandonatovaldicomino.it\/privacy-policy\/","name":"Privacy Policy - Visit San Donato Val di Comino - Guest Card","isPartOf":{"@id":"https:\/\/guestcard.visitsandonatovaldicomino.it\/#website"},"datePublished":"2025-02-27T10:17:35+00:00","dateModified":"2025-02-27T12:55:10+00:00","breadcrumb":{"@id":"https:\/\/guestcard.visitsandonatovaldicomino.it\/privacy-policy\/#breadcrumb"},"inLanguage":"en-US","potentialAction":[{"@type":"ReadAction","target":["https:\/\/guestcard.visitsandonatovaldicomino.it\/privacy-policy\/"]}]},{"@type":"BreadcrumbList","@id":"https:\/\/guestcard.visitsandonatovaldicomino.it\/privacy-policy\/#breadcrumb","itemListElement":[{"@type":"ListItem","position":1,"name":"Home","item":"https:\/\/guestcard.visitsandonatovaldicomino.it\/"},{"@type":"ListItem","position":2,"name":"Privacy Policy"}]},{"@type":"WebSite","@id":"https:\/\/guestcard.visitsandonatovaldicomino.it\/#website","url":"https:\/\/guestcard.visitsandonatovaldicomino.it\/","name":"Visit San Donato Val di Comino - Guest Card","description":"","publisher":{"@id":"https:\/\/guestcard.visitsandonatovaldicomino.it\/#organization"},"potentialAction":[{"@type":"SearchAction","target":{"@type":"EntryPoint","urlTemplate":"https:\/\/guestcard.visitsandonatovaldicomino.it\/?s={search_term_string}"},"query-input":{"@type":"PropertyValueSpecification","valueRequired":true,"valueName":"search_term_string"}}],"inLanguage":"en-US"},{"@type":"Organization","@id":"https:\/\/guestcard.visitsandonatovaldicomino.it\/#organization","name":"Visit San Donato Val di Comino - Guest Card","url":"https:\/\/guestcard.visitsandonatovaldicomino.it\/","logo":{"@type":"ImageObject","inLanguage":"en-US","@id":"https:\/\/guestcard.visitsandonatovaldicomino.it\/#\/schema\/logo\/image\/","url":"https:\/\/guestcard.visitsandonatovaldicomino.it\/wp-content\/uploads\/2025\/02\/Visit-San-Donato-Val-di-Comino-Logo-Full-2-1.png","contentUrl":"https:\/\/guestcard.visitsandonatovaldicomino.it\/wp-content\/uploads\/2025\/02\/Visit-San-Donato-Val-di-Comino-Logo-Full-2-1.png","width":7967,"height":4683,"caption":"Visit San Donato Val di Comino - Guest Card"},"image":{"@id":"https:\/\/guestcard.visitsandonatovaldicomino.it\/#\/schema\/logo\/image\/"}}]}},"_links":{"self":[{"href":"https:\/\/guestcard.visitsandonatovaldicomino.it\/en\/wp-json\/wp\/v2\/pages\/3","targetHints":{"allow":["GET"]}}],"collection":[{"href":"https:\/\/guestcard.visitsandonatovaldicomino.it\/en\/wp-json\/wp\/v2\/pages"}],"about":[{"href":"https:\/\/guestcard.visitsandonatovaldicomino.it\/en\/wp-json\/wp\/v2\/types\/page"}],"author":[{"embeddable":true,"href":"https:\/\/guestcard.visitsandonatovaldicomino.it\/en\/wp-json\/wp\/v2\/users\/1"}],"replies":[{"embeddable":true,"href":"https:\/\/guestcard.visitsandonatovaldicomino.it\/en\/wp-json\/wp\/v2\/comments?post=3"}],"version-history":[{"count":7,"href":"https:\/\/guestcard.visitsandonatovaldicomino.it\/en\/wp-json\/wp\/v2\/pages\/3\/revisions"}],"predecessor-version":[{"id":64,"href":"https:\/\/guestcard.visitsandonatovaldicomino.it\/en\/wp-json\/wp\/v2\/pages\/3\/revisions\/64"}],"wp:attachment":[{"href":"https:\/\/guestcard.visitsandonatovaldicomino.it\/en\/wp-json\/wp\/v2\/media?parent=3"}],"curies":[{"name":"wp","href":"https:\/\/api.w.org\/{rel}","templated":true}]}}